{"id":680,"date":"2021-03-15T19:19:38","date_gmt":"2021-03-15T19:19:38","guid":{"rendered":"http:\/\/deinunternehmenonline.de\/?page_id=680"},"modified":"2022-09-28T12:08:56","modified_gmt":"2022-09-28T12:08:56","slug":"online-shop","status":"publish","type":"page","link":"https:\/\/deinunternehmenonline.de\/?page_id=680","title":{"rendered":"Online Shop"},"content":{"rendered":"\t\t<div data-elementor-type=\"wp-page\" data-elementor-id=\"680\" class=\"elementor elementor-680\">\n\t\t\t\t\t\t<section class=\"elementor-section elementor-top-section elementor-element elementor-element-8e93e7f elementor-section-boxed elementor-section-height-default elementor-section-height-default\" data-id=\"8e93e7f\" data-element_type=\"section\" data-e-type=\"section\" data-settings=\"{&quot;background_background&quot;:&quot;classic&quot;}\">\n\t\t\t\t\t\t<div class=\"elementor-container elementor-column-gap-no\">\n\t\t\t\t\t<div class=\"elementor-column elementor-col-50 elementor-top-column elementor-element elementor-element-5189198\" data-id=\"5189198\" data-element_type=\"column\" data-e-type=\"column\">\n\t\t\t<div class=\"elementor-widget-wrap elementor-element-populated\">\n\t\t\t\t\t\t<div class=\"elementor-element elementor-element-8fccbc3 elementor-widget elementor-widget-heading\" data-id=\"8fccbc3\" data-element_type=\"widget\" data-e-type=\"widget\" data-widget_type=\"heading.default\">\n\t\t\t\t<div class=\"elementor-widget-container\">\n\t\t\t\t\t<h1 class=\"elementor-heading-title elementor-size-xxl\">Lassen Sie Uns gemeinsam Ihren Onlineshop entwickeln\n<\/h1>\t\t\t\t<\/div>\n\t\t\t\t<\/div>\n\t\t\t\t<div class=\"elementor-element elementor-element-fe13957 elementor-widget elementor-widget-text-editor\" data-id=\"fe13957\" data-element_type=\"widget\" data-e-type=\"widget\" data-widget_type=\"text-editor.default\">\n\t\t\t\t<div class=\"elementor-widget-container\">\n\t\t\t\t\t\t\t\t\tDie OnlineShops, besser gesagt das Onlineshopping erreicht seit einigen Jahren immer mehr Beliebtheit. Denn diese Art von Einkauf, bietet dem Verbraucher die st\u00e4ndige M\u00f6glichkeit und Zugriff auf fast unbegrenzte Schn\u00e4ppchen, Angebote und ein rund um die Uhr Kauferlebnis. Ein weiterer unumstrittener Vorteil, das Internet, ist in Sachen Auswahl und Verf\u00fcgbarkeit unschlagbar!\n\n\t\t\t\t\t\t\t\t<\/div>\n\t\t\t\t<\/div>\n\t\t\t\t\t<\/div>\n\t\t<\/div>\n\t\t\t\t<div class=\"elementor-column elementor-col-50 elementor-top-column elementor-element elementor-element-ecca4d7\" data-id=\"ecca4d7\" data-element_type=\"column\" data-e-type=\"column\">\n\t\t\t<div class=\"elementor-widget-wrap elementor-element-populated\">\n\t\t\t\t\t\t<div class=\"elementor-element elementor-element-98e19dc elementor-widget elementor-widget-html\" data-id=\"98e19dc\" data-element_type=\"widget\" data-e-type=\"widget\" data-widget_type=\"html.default\">\n\t\t\t\t<div class=\"elementor-widget-container\">\n\t\t\t\t\t<a href=\"https:\/\/de.statista.com\/infografik\/23164\/umsatz-des-onlinehandels-in-deutschland\/\" title=\"Infografik: E-Commerce bleibt auf Wachstumskurs | Statista\"><img decoding=\"async\" src=\"https:\/\/cdn.statcdn.com\/Infographic\/images\/normal\/23164.jpeg\" alt=\"Infografik: E-Commerce bleibt auf Wachstumskurs | Statista\" width=\"100%\" height=\"auto\" style=\"width: 100%; height: auto !important; max-width:960px;-ms-interpolation-mode: bicubic;\"\/><\/a> Mehr Infografiken finden Sie bei <a href=\"https:\/\/de.statista.com\/infografik\/\">Statista<\/a>\t\t\t\t<\/div>\n\t\t\t\t<\/div>\n\t\t\t\t\t<\/div>\n\t\t<\/div>\n\t\t\t\t\t<\/div>\n\t\t<\/section>\n\t\t\t\t<section class=\"elementor-section elementor-top-section elementor-element elementor-element-72779b5 elementor-section-boxed elementor-section-height-default elementor-section-height-default\" data-id=\"72779b5\" data-element_type=\"section\" data-e-type=\"section\">\n\t\t\t\t\t\t<div class=\"elementor-container elementor-column-gap-default\">\n\t\t\t\t\t<div class=\"elementor-column elementor-col-100 elementor-top-column elementor-element elementor-element-a32fd5b\" data-id=\"a32fd5b\" data-element_type=\"column\" data-e-type=\"column\">\n\t\t\t<div class=\"elementor-widget-wrap elementor-element-populated\">\n\t\t\t\t\t\t<div class=\"elementor-element elementor-element-d8ef861 elementor-widget elementor-widget-heading\" data-id=\"d8ef861\" data-element_type=\"widget\" data-e-type=\"widget\" data-widget_type=\"heading.default\">\n\t\t\t\t<div class=\"elementor-widget-container\">\n\t\t\t\t\t<h2 class=\"elementor-heading-title elementor-size-default\"><span style=\"font-family: Damion, sans-serif;font-size: 48px\">Entwicklung eines Onlineshops<\/span><\/h2>\t\t\t\t<\/div>\n\t\t\t\t<\/div>\n\t\t\t\t<div class=\"elementor-element elementor-element-48912c6 elementor-widget elementor-widget-text-editor\" data-id=\"48912c6\" data-element_type=\"widget\" data-e-type=\"widget\" data-widget_type=\"text-editor.default\">\n\t\t\t\t<div class=\"elementor-widget-container\">\n\t\t\t\t\t\t\t\t\tUnsere Onlineshops erstellen wir auf Basis flexibler Systeme und neuester Technologien sorgen f\u00fcr reibungslose Abl\u00e4ufe und eine schnelle Entwicklung Ihres Shops. Ob Dienstleistung, Handel oder Industrie, B2B oder B2C \u2013 Wir stimmen Ihren Webshop punktgenau auf die Bed\u00fcrfnisse Ihrer Zielgruppe ab!\n\nWir helfen Ihnen dabei den richtigen Shop f\u00fcr Ihre Vorhaben zu finden. Dabei sollte man so einiges beachten. M\u00f6chten Sie oder sind Sie eventuell ein Pure-Online-Player, station\u00e4rer Einzelh\u00e4ndler oder haben eine regionale Filiale und m\u00f6chte gerne mehr Reichweite haben? Wir erstellen auf Grundlage Ihrer Marke und Zielgruppe eine Multichannel-Retail-L\u00f6sung f\u00fcr Sie. Unsere Beratung zielt auf die F\u00f6rderung Ihres wirtschaftlichen Wachstums. W\u00e4hrend dieser ganzen Zeit ist Uns die Beratung in jeder Phase das allerwichtigste.\t\t\t\t\t\t\t\t<\/div>\n\t\t\t\t<\/div>\n\t\t\t\t\t<\/div>\n\t\t<\/div>\n\t\t\t\t\t<\/div>\n\t\t<\/section>\n\t\t\t\t<section class=\"elementor-section elementor-top-section elementor-element elementor-element-5586b28 elementor-section-boxed elementor-section-height-default elementor-section-height-default\" data-id=\"5586b28\" data-element_type=\"section\" data-e-type=\"section\">\n\t\t\t\t\t\t<div class=\"elementor-container elementor-column-gap-no\">\n\t\t\t\t\t<div class=\"elementor-column elementor-col-100 elementor-top-column elementor-element elementor-element-65b52d0\" data-id=\"65b52d0\" data-element_type=\"column\" data-e-type=\"column\">\n\t\t\t<div class=\"elementor-widget-wrap elementor-element-populated\">\n\t\t\t\t\t\t<section class=\"elementor-section elementor-inner-section elementor-element elementor-element-ab93192 elementor-section-boxed elementor-section-height-default elementor-section-height-default\" data-id=\"ab93192\" data-element_type=\"section\" data-e-type=\"section\">\n\t\t\t\t\t\t<div class=\"elementor-container elementor-column-gap-no\">\n\t\t\t\t\t<div class=\"elementor-column elementor-col-33 elementor-inner-column elementor-element elementor-element-562d182\" data-id=\"562d182\" data-element_type=\"column\" data-e-type=\"column\">\n\t\t\t<div class=\"elementor-widget-wrap elementor-element-populated\">\n\t\t\t\t\t\t<div class=\"elementor-element elementor-element-9f51331 elementor-widget elementor-widget-heading\" data-id=\"9f51331\" data-element_type=\"widget\" data-e-type=\"widget\" data-widget_type=\"heading.default\">\n\t\t\t\t<div class=\"elementor-widget-container\">\n\t\t\t\t\t<div class=\"elementor-heading-title elementor-size-default\">Das Google-Ranking\n<\/div>\t\t\t\t<\/div>\n\t\t\t\t<\/div>\n\t\t\t\t\t<\/div>\n\t\t<\/div>\n\t\t\t\t<div class=\"elementor-column elementor-col-66 elementor-inner-column elementor-element elementor-element-5a9e70a\" data-id=\"5a9e70a\" data-element_type=\"column\" data-e-type=\"column\">\n\t\t\t<div class=\"elementor-widget-wrap elementor-element-populated\">\n\t\t\t\t\t\t<div class=\"elementor-element elementor-element-a723b6d elementor-widget elementor-widget-text-editor\" data-id=\"a723b6d\" data-element_type=\"widget\" data-e-type=\"widget\" data-widget_type=\"text-editor.default\">\n\t\t\t\t<div class=\"elementor-widget-container\">\n\t\t\t\t\t\t\t\t\tAuch eine Top-Platzierung in Google wird von Uns angeboten. Unsere SEO-Kampagnen sind Individuell und exakt auf Ihr Vorhaben abgestimmt. Wir bieten keine Paket-Preise an, nutzen auch keine Software zum Link- Aufbau.\n\nNach der \u201eKeyword-Analyse\u201c erfolgt durch uns eine Onpage-Optimierung. Dabei werden textuelle und technische Optimierungen durchgef\u00fchrt. F\u00fcr die wichtigsten Keywords erstellen wir Textlinks. Durch diese und andere Ma\u00dfnahmen gew\u00e4hrleisten wir ein dauerhaft hohes Ranking f\u00fcr Ihr Onlineshop.\t\t\t\t\t\t\t\t<\/div>\n\t\t\t\t<\/div>\n\t\t\t\t\t<\/div>\n\t\t<\/div>\n\t\t\t\t\t<\/div>\n\t\t<\/section>\n\t\t\t\t<div class=\"elementor-element elementor-element-8fe58b3 elementor-widget elementor-widget-button\" data-id=\"8fe58b3\" data-element_type=\"widget\" data-e-type=\"widget\" data-widget_type=\"button.default\">\n\t\t\t\t<div class=\"elementor-widget-container\">\n\t\t\t\t\t\t\t\t\t<div class=\"elementor-button-wrapper\">\n\t\t\t\t\t<a class=\"elementor-button elementor-button-link elementor-size-sm\" href=\"tel:015259023798\">\n\t\t\t\t\t\t<span class=\"elementor-button-content-wrapper\">\n\t\t\t\t\t\t\t\t\t<span class=\"elementor-button-text\">Jetzt anrufen<\/span>\n\t\t\t\t\t<\/span>\n\t\t\t\t\t<\/a>\n\t\t\t\t<\/div>\n\t\t\t\t\t\t\t\t<\/div>\n\t\t\t\t<\/div>\n\t\t\t\t\t<\/div>\n\t\t<\/div>\n\t\t\t\t\t<\/div>\n\t\t<\/section>\n\t\t\t\t<\/div>\n\t\t","protected":false},"excerpt":{"rendered":"<p>Lassen Sie Uns gemeinsam Ihren Onlineshop entwickeln Die OnlineShops, besser gesagt das Onlineshopping erreicht seit einigen Jahren immer mehr Beliebtheit. Denn diese Art von Einkauf, bietet dem Verbraucher die st\u00e4ndige M\u00f6glichkeit und Zugriff auf fast unbegrenzte Schn\u00e4ppchen, Angebote und ein rund um die Uhr Kauferlebnis. Ein weiterer unumstrittener Vorteil, das Internet, ist in Sachen Auswahl [&hellip;]<\/p>\n","protected":false},"author":1,"featured_media":0,"parent":0,"menu_order":0,"comment_status":"closed","ping_status":"closed","template":"","meta":{"site-sidebar-layout":"no-sidebar","site-content-layout":"page-builder","ast-site-content-layout":"","site-content-style":"default","site-sidebar-style":"default","ast-global-header-display":"","ast-banner-title-visibility":"","ast-main-header-display":"","ast-hfb-above-header-display":"","ast-hfb-below-header-display":"","ast-hfb-mobile-header-display":"","site-post-title":"disabled","ast-breadcrumbs-content":"","ast-featured-img":"disabled","footer-sml-layout":"","theme-transparent-header-meta":"default","adv-header-id-meta":"","stick-header-meta":"","header-above-stick-meta":"","header-main-stick-meta":"","header-below-stick-meta":"","astra-migrate-meta-layouts":"default","ast-page-background-enabled":"default","ast-page-background-meta":{"desktop":{"background-color":"","background-image":"","background-repeat":"repeat","background-position":"center center","background-size":"auto","background-attachment":"scroll","background-type":"","background-media":"","overlay-type":"","overlay-color":"","overlay-opacity":"","overlay-gradient":""},"tablet":{"background-color":"","background-image":"","background-repeat":"repeat","background-position":"center center","background-size":"auto","background-attachment":"scroll","background-type":"","background-media":"","overlay-type":"","overlay-color":"","overlay-opacity":"","overlay-gradient":""},"mobile":{"background-color":"","background-image":"","background-repeat":"repeat","background-position":"center center","background-size":"auto","background-attachment":"scroll","background-type":"","background-media":"","overlay-type":"","overlay-color":"","overlay-opacity":"","overlay-gradient":""}},"ast-content-background-meta":{"desktop":{"background-color":"var(--ast-global-color-5)","background-image":"","background-repeat":"repeat","background-position":"center center","background-size":"auto","background-attachment":"scroll","background-type":"","background-media":"","overlay-type":"","overlay-color":"","overlay-opacity":"","overlay-gradient":""},"tablet":{"background-color":"var(--ast-global-color-5)","background-image":"","background-repeat":"repeat","background-position":"center center","background-size":"auto","background-attachment":"scroll","background-type":"","background-media":"","overlay-type":"","overlay-color":"","overlay-opacity":"","overlay-gradient":""},"mobile":{"background-color":"var(--ast-global-color-5)","background-image":"","background-repeat":"repeat","background-position":"center center","background-size":"auto","background-attachment":"scroll","background-type":"","background-media":"","overlay-type":"","overlay-color":"","overlay-opacity":"","overlay-gradient":""}},"footnotes":""},"class_list":["post-680","page","type-page","status-publish","hentry"],"yoast_head":"<!-- This site is optimized with the Yoast SEO plugin v24.7 - https:\/\/yoast.com\/wordpress\/plugins\/seo\/ -->\n<title>Online Shop | Webseitengestaltung Services | Dein Unternehmen Online<\/title>\n<meta name=\"robots\" content=\"index, follow, max-snippet:-1, max-image-preview:large, max-video-preview:-1\" \/>\n<link rel=\"canonical\" href=\"https:\/\/deinunternehmenonline.de\/?page_id=680\" \/>\n<meta property=\"og:locale\" content=\"de_DE\" \/>\n<meta property=\"og:type\" content=\"article\" \/>\n<meta property=\"og:title\" content=\"Online Shop | Webseitengestaltung Services | Dein Unternehmen Online\" \/>\n<meta property=\"og:description\" content=\"Lassen Sie Uns gemeinsam Ihren Onlineshop entwickeln Die OnlineShops, besser gesagt das Onlineshopping erreicht seit einigen Jahren immer mehr Beliebtheit. Denn diese Art von Einkauf, bietet dem Verbraucher die st\u00e4ndige M\u00f6glichkeit und Zugriff auf fast unbegrenzte Schn\u00e4ppchen, Angebote und ein rund um die Uhr Kauferlebnis. Ein weiterer unumstrittener Vorteil, das Internet, ist in Sachen Auswahl [&hellip;]\" \/>\n<meta property=\"og:url\" content=\"https:\/\/deinunternehmenonline.de\/?page_id=680\" \/>\n<meta property=\"og:site_name\" content=\"Webseitengestaltung Services | Dein Unternehmen Online\" \/>\n<meta property=\"article:modified_time\" content=\"2022-09-28T12:08:56+00:00\" \/>\n<meta property=\"og:image\" content=\"https:\/\/cdn.statcdn.com\/Infographic\/images\/normal\/23164.jpeg\" \/>\n<meta name=\"twitter:card\" content=\"summary_large_image\" \/>\n<meta name=\"twitter:label1\" content=\"Gesch\u00e4tzte Lesezeit\" \/>\n\t<meta name=\"twitter:data1\" content=\"2\u00a0Minuten\" \/>\n<script type=\"application\/ld+json\" class=\"yoast-schema-graph\">{\"@context\":\"https:\/\/schema.org\",\"@graph\":[{\"@type\":\"WebPage\",\"@id\":\"https:\/\/deinunternehmenonline.de\/?page_id=680\",\"url\":\"https:\/\/deinunternehmenonline.de\/?page_id=680\",\"name\":\"Online Shop | Webseitengestaltung Services | Dein Unternehmen Online\",\"isPartOf\":{\"@id\":\"https:\/\/deinunternehmenonline.de\/#website\"},\"primaryImageOfPage\":{\"@id\":\"https:\/\/deinunternehmenonline.de\/?page_id=680#primaryimage\"},\"image\":{\"@id\":\"https:\/\/deinunternehmenonline.de\/?page_id=680#primaryimage\"},\"thumbnailUrl\":\"https:\/\/cdn.statcdn.com\/Infographic\/images\/normal\/23164.jpeg\",\"datePublished\":\"2021-03-15T19:19:38+00:00\",\"dateModified\":\"2022-09-28T12:08:56+00:00\",\"breadcrumb\":{\"@id\":\"https:\/\/deinunternehmenonline.de\/?page_id=680#breadcrumb\"},\"inLanguage\":\"de\",\"potentialAction\":[{\"@type\":\"ReadAction\",\"target\":[\"https:\/\/deinunternehmenonline.de\/?page_id=680\"]}]},{\"@type\":\"ImageObject\",\"inLanguage\":\"de\",\"@id\":\"https:\/\/deinunternehmenonline.de\/?page_id=680#primaryimage\",\"url\":\"https:\/\/cdn.statcdn.com\/Infographic\/images\/normal\/23164.jpeg\",\"contentUrl\":\"https:\/\/cdn.statcdn.com\/Infographic\/images\/normal\/23164.jpeg\"},{\"@type\":\"BreadcrumbList\",\"@id\":\"https:\/\/deinunternehmenonline.de\/?page_id=680#breadcrumb\",\"itemListElement\":[{\"@type\":\"ListItem\",\"position\":1,\"name\":\"Startseite\",\"item\":\"https:\/\/deinunternehmenonline.de\/\"},{\"@type\":\"ListItem\",\"position\":2,\"name\":\"Online Shop\"}]},{\"@type\":\"WebSite\",\"@id\":\"https:\/\/deinunternehmenonline.de\/#website\",\"url\":\"https:\/\/deinunternehmenonline.de\/\",\"name\":\"Webseitengestaltung Services | Dein Unternehmen Online\",\"description\":\"\",\"publisher\":{\"@id\":\"https:\/\/deinunternehmenonline.de\/#organization\"},\"potentialAction\":[{\"@type\":\"SearchAction\",\"target\":{\"@type\":\"EntryPoint\",\"urlTemplate\":\"https:\/\/deinunternehmenonline.de\/?s={search_term_string}\"},\"query-input\":{\"@type\":\"PropertyValueSpecification\",\"valueRequired\":true,\"valueName\":\"search_term_string\"}}],\"inLanguage\":\"de\"},{\"@type\":\"Organization\",\"@id\":\"https:\/\/deinunternehmenonline.de\/#organization\",\"name\":\"DUO - Dein Unternehmen Online\",\"url\":\"https:\/\/deinunternehmenonline.de\/\",\"logo\":{\"@type\":\"ImageObject\",\"inLanguage\":\"de\",\"@id\":\"https:\/\/deinunternehmenonline.de\/#\/schema\/logo\/image\/\",\"url\":\"https:\/\/deinunternehmenonline.de\/wp-content\/uploads\/2021\/03\/logo_small_icon_only_inverted.png\",\"contentUrl\":\"https:\/\/deinunternehmenonline.de\/wp-content\/uploads\/2021\/03\/logo_small_icon_only_inverted.png\",\"width\":300,\"height\":300,\"caption\":\"DUO - Dein Unternehmen Online\"},\"image\":{\"@id\":\"https:\/\/deinunternehmenonline.de\/#\/schema\/logo\/image\/\"}}]}<\/script>\n<!-- \/ Yoast SEO plugin. -->","yoast_head_json":{"title":"Online Shop | Webseitengestaltung Services | Dein Unternehmen Online","robots":{"index":"index","follow":"follow","max-snippet":"max-snippet:-1","max-image-preview":"max-image-preview:large","max-video-preview":"max-video-preview:-1"},"canonical":"https:\/\/deinunternehmenonline.de\/?page_id=680","og_locale":"de_DE","og_type":"article","og_title":"Online Shop | Webseitengestaltung Services | Dein Unternehmen Online","og_description":"Lassen Sie Uns gemeinsam Ihren Onlineshop entwickeln Die OnlineShops, besser gesagt das Onlineshopping erreicht seit einigen Jahren immer mehr Beliebtheit. Denn diese Art von Einkauf, bietet dem Verbraucher die st\u00e4ndige M\u00f6glichkeit und Zugriff auf fast unbegrenzte Schn\u00e4ppchen, Angebote und ein rund um die Uhr Kauferlebnis. Ein weiterer unumstrittener Vorteil, das Internet, ist in Sachen Auswahl [&hellip;]","og_url":"https:\/\/deinunternehmenonline.de\/?page_id=680","og_site_name":"Webseitengestaltung Services | Dein Unternehmen Online","article_modified_time":"2022-09-28T12:08:56+00:00","og_image":[{"url":"https:\/\/cdn.statcdn.com\/Infographic\/images\/normal\/23164.jpeg","type":"","width":"","height":""}],"twitter_card":"summary_large_image","twitter_misc":{"Gesch\u00e4tzte Lesezeit":"2\u00a0Minuten"},"schema":{"@context":"https:\/\/schema.org","@graph":[{"@type":"WebPage","@id":"https:\/\/deinunternehmenonline.de\/?page_id=680","url":"https:\/\/deinunternehmenonline.de\/?page_id=680","name":"Online Shop | Webseitengestaltung Services | Dein Unternehmen Online","isPartOf":{"@id":"https:\/\/deinunternehmenonline.de\/#website"},"primaryImageOfPage":{"@id":"https:\/\/deinunternehmenonline.de\/?page_id=680#primaryimage"},"image":{"@id":"https:\/\/deinunternehmenonline.de\/?page_id=680#primaryimage"},"thumbnailUrl":"https:\/\/cdn.statcdn.com\/Infographic\/images\/normal\/23164.jpeg","datePublished":"2021-03-15T19:19:38+00:00","dateModified":"2022-09-28T12:08:56+00:00","breadcrumb":{"@id":"https:\/\/deinunternehmenonline.de\/?page_id=680#breadcrumb"},"inLanguage":"de","potentialAction":[{"@type":"ReadAction","target":["https:\/\/deinunternehmenonline.de\/?page_id=680"]}]},{"@type":"ImageObject","inLanguage":"de","@id":"https:\/\/deinunternehmenonline.de\/?page_id=680#primaryimage","url":"https:\/\/cdn.statcdn.com\/Infographic\/images\/normal\/23164.jpeg","contentUrl":"https:\/\/cdn.statcdn.com\/Infographic\/images\/normal\/23164.jpeg"},{"@type":"BreadcrumbList","@id":"https:\/\/deinunternehmenonline.de\/?page_id=680#breadcrumb","itemListElement":[{"@type":"ListItem","position":1,"name":"Startseite","item":"https:\/\/deinunternehmenonline.de\/"},{"@type":"ListItem","position":2,"name":"Online Shop"}]},{"@type":"WebSite","@id":"https:\/\/deinunternehmenonline.de\/#website","url":"https:\/\/deinunternehmenonline.de\/","name":"Webseitengestaltung Services | Dein Unternehmen Online","description":"","publisher":{"@id":"https:\/\/deinunternehmenonline.de\/#organization"},"potentialAction":[{"@type":"SearchAction","target":{"@type":"EntryPoint","urlTemplate":"https:\/\/deinunternehmenonline.de\/?s={search_term_string}"},"query-input":{"@type":"PropertyValueSpecification","valueRequired":true,"valueName":"search_term_string"}}],"inLanguage":"de"},{"@type":"Organization","@id":"https:\/\/deinunternehmenonline.de\/#organization","name":"DUO - Dein Unternehmen Online","url":"https:\/\/deinunternehmenonline.de\/","logo":{"@type":"ImageObject","inLanguage":"de","@id":"https:\/\/deinunternehmenonline.de\/#\/schema\/logo\/image\/","url":"https:\/\/deinunternehmenonline.de\/wp-content\/uploads\/2021\/03\/logo_small_icon_only_inverted.png","contentUrl":"https:\/\/deinunternehmenonline.de\/wp-content\/uploads\/2021\/03\/logo_small_icon_only_inverted.png","width":300,"height":300,"caption":"DUO - Dein Unternehmen Online"},"image":{"@id":"https:\/\/deinunternehmenonline.de\/#\/schema\/logo\/image\/"}}]}},"_links":{"self":[{"href":"https:\/\/deinunternehmenonline.de\/index.php?rest_route=\/wp\/v2\/pages\/680","targetHints":{"allow":["GET"]}}],"collection":[{"href":"https:\/\/deinunternehmenonline.de\/index.php?rest_route=\/wp\/v2\/pages"}],"about":[{"href":"https:\/\/deinunternehmenonline.de\/index.php?rest_route=\/wp\/v2\/types\/page"}],"author":[{"embeddable":true,"href":"https:\/\/deinunternehmenonline.de\/index.php?rest_route=\/wp\/v2\/users\/1"}],"replies":[{"embeddable":true,"href":"https:\/\/deinunternehmenonline.de\/index.php?rest_route=%2Fwp%2Fv2%2Fcomments&post=680"}],"version-history":[{"count":54,"href":"https:\/\/deinunternehmenonline.de\/index.php?rest_route=\/wp\/v2\/pages\/680\/revisions"}],"predecessor-version":[{"id":1115,"href":"https:\/\/deinunternehmenonline.de\/index.php?rest_route=\/wp\/v2\/pages\/680\/revisions\/1115"}],"wp:attachment":[{"href":"https:\/\/deinunternehmenonline.de\/index.php?rest_route=%2Fwp%2Fv2%2Fmedia&parent=680"}],"curies":[{"name":"wp","href":"https:\/\/api.w.org\/{rel}","templated":true}]}}